{"id":39005,"date":"2023-04-14T11:04:31","date_gmt":"2023-04-14T11:04:31","guid":{"rendered":"https:\/\/www.shineiberia.tv\/main-home\/digital-comunicacion-y-marketing\/"},"modified":"2024-02-02T12:05:08","modified_gmt":"2024-02-02T12:05:08","slug":"digital-comunicacao-e-marketing","status":"publish","type":"page","link":"https:\/\/shineiberia.azurewebsites.net\/pt-pt\/main-home\/digital-comunicacao-e-marketing\/","title":{"rendered":"Digital, comunica\u00e7\u00e3o e marketing"},"content":{"rendered":"<p>[et_pb_section fb_built=&#8221;1&#8243; admin_label=&#8221;Cabecera &#8221; module_class=&#8221;secc-catg-a&#8221; _builder_version=&#8221;4.20.4&#8243; _module_preset=&#8221;default&#8221; background_color=&#8221;rgba(0,0,0,0.65)&#8221; background_image=&#8221;https:\/\/www.shineiberia.tv\/wp-content\/uploads\/2023\/04\/cabecera-representacion-1.jpeg&#8221; background_blend=&#8221;multiply&#8221; da_disable_devices=&#8221;off|off|off&#8221; locked=&#8221;off&#8221; global_colors_info=&#8221;{}&#8221; da_is_popup=&#8221;off&#8221; da_exit_intent=&#8221;off&#8221; da_has_close=&#8221;on&#8221; da_alt_close=&#8221;off&#8221; da_dark_close=&#8221;off&#8221; da_not_modal=&#8221;on&#8221; da_is_singular=&#8221;off&#8221; da_with_loader=&#8221;off&#8221; da_has_shadow=&#8221;on&#8221;][et_pb_row _builder_version=&#8221;4.19.5&#8243; _module_preset=&#8221;default&#8221; global_colors_info=&#8221;{}&#8221;][et_pb_column type=&#8221;4_4&#8243; _builder_version=&#8221;4.19.5&#8243; _module_preset=&#8221;default&#8221; global_colors_info=&#8221;{}&#8221;][et_pb_text admin_label=&#8221;Titular&#8221; _builder_version=&#8221;4.21.0&#8243; _module_preset=&#8221;default&#8221; global_colors_info=&#8221;{}&#8221;]<\/p>\n<h1 class=\"ld-h1-b\">DIGITAL, COMUNICA\u00c7\u00c3O E MARKETING <\/h1>\n<p>[\/et_pb_text][\/et_pb_column][\/et_pb_row][\/et_pb_section][et_pb_section fb_built=&#8221;1&#8243; module_class=&#8221;secc-rep-a&#8221; _builder_version=&#8221;4.20.4&#8243; _module_preset=&#8221;default&#8221; da_disable_devices=&#8221;off|off|off&#8221; global_colors_info=&#8221;{}&#8221; da_is_popup=&#8221;off&#8221; da_exit_intent=&#8221;off&#8221; da_has_close=&#8221;on&#8221; da_alt_close=&#8221;off&#8221; da_dark_close=&#8221;off&#8221; da_not_modal=&#8221;on&#8221; da_is_singular=&#8221;off&#8221; da_with_loader=&#8221;off&#8221; da_has_shadow=&#8221;on&#8221;][et_pb_row _builder_version=&#8221;4.20.4&#8243; _module_preset=&#8221;default&#8221; global_colors_info=&#8221;{}&#8221;][et_pb_column type=&#8221;4_4&#8243; _builder_version=&#8221;4.20.4&#8243; _module_preset=&#8221;default&#8221; global_colors_info=&#8221;{}&#8221;][et_pb_text _builder_version=&#8221;4.21.0&#8243; _module_preset=&#8221;default&#8221; hover_enabled=&#8221;0&#8243; global_colors_info=&#8221;{}&#8221; sticky_enabled=&#8221;0&#8243;]<\/p>\n<p class=\"ld-p-g\">Por detr\u00e1s dos grandes formatos audiovisuais da Shine Iberia, trabalhamos para os amplificar, promover e dar-lhes maior visibilidade. Desde a coordena\u00e7\u00e3o de informa\u00e7\u00e3o e entrevistas com a imprensa, at\u00e9 ao desenvolvimento de novos conte\u00fados para plataformas sociais com conte\u00fados transversais digitais e multiplataforma.<br \/>\nSe quiser entrar em contacto connosco, escreva para comunicacion:  <a href=\"mailto:comunicacion@shineiberia.tv\">comunicacion@shineiberia.tv<\/a> <\/p>\n<p>[\/et_pb_text][\/et_pb_column][\/et_pb_row][\/et_pb_section][et_pb_section fb_built=&#8221;1&#8243; admin_label=&#8221;Galer\u00eda&#8221; module_class=&#8221;secc-rep-b&#8221; _builder_version=&#8221;4.20.4&#8243; _module_preset=&#8221;default&#8221; da_disable_devices=&#8221;off|off|off&#8221; global_colors_info=&#8221;{}&#8221; da_is_popup=&#8221;off&#8221; da_exit_intent=&#8221;off&#8221; da_has_close=&#8221;on&#8221; da_alt_close=&#8221;off&#8221; da_dark_close=&#8221;off&#8221; da_not_modal=&#8221;on&#8221; da_is_singular=&#8221;off&#8221; da_with_loader=&#8221;off&#8221; da_has_shadow=&#8221;on&#8221;][et_pb_row _builder_version=&#8221;4.20.4&#8243; _module_preset=&#8221;default&#8221; global_colors_info=&#8221;{}&#8221;][et_pb_column type=&#8221;4_4&#8243; _builder_version=&#8221;4.20.4&#8243; _module_preset=&#8221;default&#8221; global_colors_info=&#8221;{}&#8221;][dipl_image_card_carousel cards_per_slide=&#8221;4&#8243; slider_loop=&#8221;on&#8221; show_arrow=&#8221;on&#8221; previous_slide_arrow=&#8221;&#x23;||divi||400&#8243; next_slide_arrow=&#8221;&#x24;||divi||400&#8243; arrows_position=&#8221;bottom_center&#8221; show_control_dot=&#8221;on&#8221; cards_per_slide_tablet=&#8221;2&#8243; cards_per_slide_phone=&#8221;1&#8243; _builder_version=&#8221;4.21.0&#8243; _module_preset=&#8221;default&#8221; global_colors_info=&#8221;{}&#8221;][dipl_image_card_carousel_item image=&#8221;https:\/\/www.shineiberia.tv\/wp-content\/uploads\/2023\/04\/02-img_9646-masterchef-celebrity-festval-vitoria-gasteiz_52346236621_o.jpg&#8221; _builder_version=&#8221;4.21.0&#8243; _module_preset=&#8221;default&#8221; global_colors_info=&#8221;{}&#8221;][\/dipl_image_card_carousel_item][dipl_image_card_carousel_item image=&#8221;https:\/\/www.shineiberia.tv\/wp-content\/uploads\/2023\/04\/10__SOF3285.jpg&#8221; _builder_version=&#8221;4.21.0&#8243; _module_preset=&#8221;default&#8221; global_colors_info=&#8221;{}&#8221;][\/dipl_image_card_carousel_item][dipl_image_card_carousel_item image=&#8221;https:\/\/www.shineiberia.tv\/wp-content\/uploads\/2023\/04\/12-img_9708-masterchef-celebrity-festval-vitoria-gasteiz_52346543084_o.jpg&#8221; _builder_version=&#8221;4.21.0&#8243; _module_preset=&#8221;default&#8221; global_colors_info=&#8221;{}&#8221;][\/dipl_image_card_carousel_item][dipl_image_card_carousel_item image=&#8221;https:\/\/www.shineiberia.tv\/wp-content\/uploads\/2023\/04\/13__SOF3306.jpg&#8221; _builder_version=&#8221;4.21.0&#8243; _module_preset=&#8221;default&#8221; global_colors_info=&#8221;{}&#8221;][\/dipl_image_card_carousel_item][dipl_image_card_carousel_item image=&#8221;https:\/\/www.shineiberia.tv\/wp-content\/uploads\/2023\/04\/34__SOF3429.jpg&#8221; _builder_version=&#8221;4.21.0&#8243; _module_preset=&#8221;default&#8221; global_colors_info=&#8221;{}&#8221;][\/dipl_image_card_carousel_item][dipl_image_card_carousel_item image=&#8221;https:\/\/www.shineiberia.tv\/wp-content\/uploads\/2023\/04\/45__SOF3492.jpg&#8221; _builder_version=&#8221;4.21.0&#8243; _module_preset=&#8221;default&#8221; global_colors_info=&#8221;{}&#8221;][\/dipl_image_card_carousel_item][dipl_image_card_carousel_item image=&#8221;https:\/\/www.shineiberia.tv\/wp-content\/uploads\/2023\/04\/149-img_9858-masterchef-celebrity-festval-vitoria-gasteiz_52346476693_o.jpg&#8221; _builder_version=&#8221;4.21.0&#8243; _module_preset=&#8221;default&#8221; global_colors_info=&#8221;{}&#8221;][\/dipl_image_card_carousel_item][dipl_image_card_carousel_item image=&#8221;https:\/\/www.shineiberia.tv\/wp-content\/uploads\/2023\/04\/209-img_9963-masterchef-celebrity-festval-vitoria-gasteiz_52346474028_o.jpg&#8221; _builder_version=&#8221;4.21.0&#8243; _module_preset=&#8221;default&#8221; global_colors_info=&#8221;{}&#8221;][\/dipl_image_card_carousel_item][dipl_image_card_carousel_item image=&#8221;https:\/\/www.shineiberia.tv\/wp-content\/uploads\/2023\/04\/Cover-Night_Jurado-y-presentadores-2.jpg&#8221; _builder_version=&#8221;4.21.0&#8243; _module_preset=&#8221;default&#8221; global_colors_info=&#8221;{}&#8221;][\/dipl_image_card_carousel_item][dipl_image_card_carousel_item image=&#8221;https:\/\/www.shineiberia.tv\/wp-content\/uploads\/2023\/04\/MasterChef-Celebrity-Raquel-Merono-2.jpg&#8221; _builder_version=&#8221;4.21.0&#8243; _module_preset=&#8221;default&#8221; global_colors_info=&#8221;{}&#8221;][\/dipl_image_card_carousel_item][dipl_image_card_carousel_item image=&#8221;https:\/\/www.shineiberia.tv\/wp-content\/uploads\/2023\/04\/SA-2-PLAY_19.jpg&#8221; _builder_version=&#8221;4.21.0&#8243; _module_preset=&#8221;default&#8221; global_colors_info=&#8221;{}&#8221;][\/dipl_image_card_carousel_item][dipl_image_card_carousel_item image=&#8221;https:\/\/www.shineiberia.tv\/wp-content\/uploads\/2023\/04\/WhatsApp-Image-2023-04-11-at-17.10.10.jpg&#8221; _builder_version=&#8221;4.21.0&#8243; _module_preset=&#8221;default&#8221; global_colors_info=&#8221;{}&#8221;][\/dipl_image_card_carousel_item][\/dipl_image_card_carousel][\/et_pb_column][\/et_pb_row][\/et_pb_section]<\/p>\n","protected":false},"excerpt":{"rendered":"<p>DIGITAL, COMUNICA\u00c7\u00c3O E MARKETING Por detr\u00e1s dos grandes formatos audiovisuais da Shine Iberia, trabalhamos para os amplificar, promover e dar-lhes maior visibilidade. Desde a coordena\u00e7\u00e3o de informa\u00e7\u00e3o e entrevistas com a imprensa, at\u00e9 ao desenvolvimento de novos conte\u00fados para plataformas sociais com conte\u00fados transversais digitais e multiplataforma. Se quiser entrar em contacto connosco, escreva para [&hellip;]<\/p>\n","protected":false},"author":1,"featured_media":0,"parent":38701,"menu_order":4,"comment_status":"closed","ping_status":"closed","template":"","meta":{"_acf_changed":false,"_et_pb_use_builder":"on","_et_pb_old_content":"[et_pb_section fb_built=\"1\" theme_builder_area=\"post_content\" _builder_version=\"4.19.5\" _module_preset=\"default\"][et_pb_row _builder_version=\"4.19.5\" _module_preset=\"default\" theme_builder_area=\"post_content\"][et_pb_column _builder_version=\"4.19.5\" _module_preset=\"default\" type=\"4_4\" theme_builder_area=\"post_content\"][et_pb_text _builder_version=\"4.19.5\" _module_preset=\"default\" theme_builder_area=\"post_content\" hover_enabled=\"0\" sticky_enabled=\"0\"][\/et_pb_text][\/et_pb_column][\/et_pb_row][\/et_pb_section]","_et_gb_content_width":"","footnotes":""},"class_list":["post-39005","page","type-page","status-publish","hentry"],"acf":[],"yoast_head":"<!-- This site is optimized with the Yoast SEO plugin v25.9 - https:\/\/yoast.com\/wordpress\/plugins\/seo\/ -->\n<title>Digital, comunica\u00e7\u00e3o e marketing - Shine Iberia<\/title>\n<meta name=\"robots\" content=\"index, follow, max-snippet:-1, max-image-preview:large, max-video-preview:-1\" \/>\n<link rel=\"canonical\" href=\"https:\/\/shineiberia.tv\/pt-pt\/main-home\/digital-comunicacao-e-marketing\/\" \/>\n<meta property=\"og:locale\" content=\"pt_PT\" \/>\n<meta property=\"og:type\" content=\"article\" \/>\n<meta property=\"og:title\" content=\"Digital, comunica\u00e7\u00e3o e marketing - Shine Iberia\" \/>\n<meta property=\"og:site_name\" content=\"Shine Iberia\" \/>\n<meta property=\"article:modified_time\" content=\"2024-02-02T12:05:08+00:00\" \/>\n<meta name=\"twitter:card\" content=\"summary_large_image\" \/>\n<meta name=\"twitter:label1\" content=\"Tempo estimado de leitura\" \/>\n\t<meta name=\"twitter:data1\" content=\"1 minuto\" \/>\n<script type=\"application\/ld+json\" class=\"yoast-schema-graph\">{\"@context\":\"https:\/\/schema.org\",\"@graph\":[{\"@type\":\"WebPage\",\"@id\":\"https:\/\/shineiberia.tv\/pt-pt\/main-home\/digital-comunicacao-e-marketing\/\",\"url\":\"https:\/\/shineiberia.tv\/pt-pt\/main-home\/digital-comunicacao-e-marketing\/\",\"name\":\"Digital, comunica\u00e7\u00e3o e marketing - Shine Iberia\",\"isPartOf\":{\"@id\":\"https:\/\/shineiberia.tv\/pt-pt\/#website\"},\"datePublished\":\"2023-04-14T11:04:31+00:00\",\"dateModified\":\"2024-02-02T12:05:08+00:00\",\"breadcrumb\":{\"@id\":\"https:\/\/shineiberia.tv\/pt-pt\/main-home\/digital-comunicacao-e-marketing\/#breadcrumb\"},\"inLanguage\":\"pt-PT\",\"potentialAction\":[{\"@type\":\"ReadAction\",\"target\":[\"https:\/\/shineiberia.tv\/pt-pt\/main-home\/digital-comunicacao-e-marketing\/\"]}]},{\"@type\":\"BreadcrumbList\",\"@id\":\"https:\/\/shineiberia.tv\/pt-pt\/main-home\/digital-comunicacao-e-marketing\/#breadcrumb\",\"itemListElement\":[{\"@type\":\"ListItem\",\"position\":1,\"name\":\"Portada\",\"item\":\"https:\/\/shineiberia.tv\/pt-pt\/\"},{\"@type\":\"ListItem\",\"position\":2,\"name\":\"Home\",\"item\":\"https:\/\/shineiberia.tv\/pt-pt\/\"},{\"@type\":\"ListItem\",\"position\":3,\"name\":\"Digital, comunica\u00e7\u00e3o e marketing\"}]},{\"@type\":\"WebSite\",\"@id\":\"https:\/\/shineiberia.tv\/pt-pt\/#website\",\"url\":\"https:\/\/shineiberia.tv\/pt-pt\/\",\"name\":\"Shine Iberia\",\"description\":\"\",\"potentialAction\":[{\"@type\":\"SearchAction\",\"target\":{\"@type\":\"EntryPoint\",\"urlTemplate\":\"https:\/\/shineiberia.tv\/pt-pt\/?s={search_term_string}\"},\"query-input\":{\"@type\":\"PropertyValueSpecification\",\"valueRequired\":true,\"valueName\":\"search_term_string\"}}],\"inLanguage\":\"pt-PT\"}]}<\/script>\n<!-- \/ Yoast SEO plugin. -->","yoast_head_json":{"title":"Digital, comunica\u00e7\u00e3o e marketing - Shine Iberia","robots":{"index":"index","follow":"follow","max-snippet":"max-snippet:-1","max-image-preview":"max-image-preview:large","max-video-preview":"max-video-preview:-1"},"canonical":"https:\/\/shineiberia.tv\/pt-pt\/main-home\/digital-comunicacao-e-marketing\/","og_locale":"pt_PT","og_type":"article","og_title":"Digital, comunica\u00e7\u00e3o e marketing - Shine Iberia","og_site_name":"Shine Iberia","article_modified_time":"2024-02-02T12:05:08+00:00","twitter_card":"summary_large_image","twitter_misc":{"Tempo estimado de leitura":"1 minuto"},"schema":{"@context":"https:\/\/schema.org","@graph":[{"@type":"WebPage","@id":"https:\/\/shineiberia.tv\/pt-pt\/main-home\/digital-comunicacao-e-marketing\/","url":"https:\/\/shineiberia.tv\/pt-pt\/main-home\/digital-comunicacao-e-marketing\/","name":"Digital, comunica\u00e7\u00e3o e marketing - Shine Iberia","isPartOf":{"@id":"https:\/\/shineiberia.tv\/pt-pt\/#website"},"datePublished":"2023-04-14T11:04:31+00:00","dateModified":"2024-02-02T12:05:08+00:00","breadcrumb":{"@id":"https:\/\/shineiberia.tv\/pt-pt\/main-home\/digital-comunicacao-e-marketing\/#breadcrumb"},"inLanguage":"pt-PT","potentialAction":[{"@type":"ReadAction","target":["https:\/\/shineiberia.tv\/pt-pt\/main-home\/digital-comunicacao-e-marketing\/"]}]},{"@type":"BreadcrumbList","@id":"https:\/\/shineiberia.tv\/pt-pt\/main-home\/digital-comunicacao-e-marketing\/#breadcrumb","itemListElement":[{"@type":"ListItem","position":1,"name":"Portada","item":"https:\/\/shineiberia.tv\/pt-pt\/"},{"@type":"ListItem","position":2,"name":"Home","item":"https:\/\/shineiberia.tv\/pt-pt\/"},{"@type":"ListItem","position":3,"name":"Digital, comunica\u00e7\u00e3o e marketing"}]},{"@type":"WebSite","@id":"https:\/\/shineiberia.tv\/pt-pt\/#website","url":"https:\/\/shineiberia.tv\/pt-pt\/","name":"Shine Iberia","description":"","potentialAction":[{"@type":"SearchAction","target":{"@type":"EntryPoint","urlTemplate":"https:\/\/shineiberia.tv\/pt-pt\/?s={search_term_string}"},"query-input":{"@type":"PropertyValueSpecification","valueRequired":true,"valueName":"search_term_string"}}],"inLanguage":"pt-PT"}]}},"_links":{"self":[{"href":"https:\/\/shineiberia.azurewebsites.net\/pt-pt\/wp-json\/wp\/v2\/pages\/39005","targetHints":{"allow":["GET"]}}],"collection":[{"href":"https:\/\/shineiberia.azurewebsites.net\/pt-pt\/wp-json\/wp\/v2\/pages"}],"about":[{"href":"https:\/\/shineiberia.azurewebsites.net\/pt-pt\/wp-json\/wp\/v2\/types\/page"}],"author":[{"embeddable":true,"href":"https:\/\/shineiberia.azurewebsites.net\/pt-pt\/wp-json\/wp\/v2\/users\/1"}],"replies":[{"embeddable":true,"href":"https:\/\/shineiberia.azurewebsites.net\/pt-pt\/wp-json\/wp\/v2\/comments?post=39005"}],"version-history":[{"count":4,"href":"https:\/\/shineiberia.azurewebsites.net\/pt-pt\/wp-json\/wp\/v2\/pages\/39005\/revisions"}],"predecessor-version":[{"id":43033,"href":"https:\/\/shineiberia.azurewebsites.net\/pt-pt\/wp-json\/wp\/v2\/pages\/39005\/revisions\/43033"}],"up":[{"embeddable":true,"href":"https:\/\/shineiberia.azurewebsites.net\/pt-pt\/wp-json\/wp\/v2\/pages\/38701"}],"wp:attachment":[{"href":"https:\/\/shineiberia.azurewebsites.net\/pt-pt\/wp-json\/wp\/v2\/media?parent=39005"}],"curies":[{"name":"wp","href":"https:\/\/api.w.org\/{rel}","templated":true}]}}